{"id":113,"date":"2024-06-22T17:42:10","date_gmt":"2024-06-22T20:42:10","guid":{"rendered":"https:\/\/viaenglish.com\/?page_id=113"},"modified":"2024-07-11T23:53:52","modified_gmt":"2024-07-12T02:53:52","slug":"nossos-cursos","status":"publish","type":"page","link":"https:\/\/viaenglish.com\/en\/nossos-cursos\/","title":{"rendered":"Courses"},"content":{"rendered":"<div data-elementor-type=\"wp-page\" data-elementor-id=\"113\" class=\"elementor elementor-113\" data-elementor-post-type=\"page\">\n\t\t\t\t<div class=\"elementor-element elementor-element-276b9d5 e-flex e-con-boxed e-con e-parent\" data-id=\"276b9d5\" data-element_type=\"container\" data-settings=\"{&quot;_ha_eqh_enable&quot;:false}\">\n\t\t\t\t\t<div class=\"e-con-inner\">\n\t\t\t\t<div class=\"elementor-element elementor-element-28003d4 elementor-widget elementor-widget-text-editor\" data-id=\"28003d4\" data-element_type=\"widget\" data-widget_type=\"text-editor.default\">\n\t\t\t\t<div class=\"elementor-widget-container\">\n\t\t\t<style>\/*! elementor - v3.22.0 - 17-06-2024 *\/\n.elementor-widget-text-editor.elementor-drop-cap-view-stacked .elementor-drop-cap{background-color:#69727d;color:#fff}.elementor-widget-text-editor.elementor-drop-cap-view-framed .elementor-drop-cap{color:#69727d;border:3px solid;background-color:transparent}.elementor-widget-text-editor:not(.elementor-drop-cap-view-default) .elementor-drop-cap{margin-top:8px}.elementor-widget-text-editor:not(.elementor-drop-cap-view-default) .elementor-drop-cap-letter{width:1em;height:1em}.elementor-widget-text-editor .elementor-drop-cap{float:left;text-align:center;line-height:1;font-size:50px}.elementor-widget-text-editor .elementor-drop-cap-letter{display:inline-block}<\/style>\t\t\t\t<p><span style=\"color: #125f7f;\">Our <\/span>Courses<\/p>\t\t\t\t\t\t<\/div>\n\t\t\t\t<\/div>\n\t\t\t\t<div class=\"elementor-element elementor-element-ea022dc elementor-widget__width-initial elementor-widget elementor-widget-text-editor\" data-id=\"ea022dc\" data-element_type=\"widget\" data-widget_type=\"text-editor.default\">\n\t\t\t\t<div class=\"elementor-widget-container\">\n\t\t\t\t\t\t\t<p>Our courses are delivered under an online platform, which means that the student has classes from home, office or wherever he or she may be through the use of a PC, laptop or even a mobile device. The student has the attention of the teacher the whole class and through an audio and video system they can see one another and communicate as in any traditional school. The student is never alone without the teacher\u2019s supervision. Even when travelling, or moving to other cities or countries, our system allows students to keep their courses going naturally.\nGet to know our courses bellow.<br \/>Discover our course types below.<\/p>\t\t\t\t\t\t<\/div>\n\t\t\t\t<\/div>\n\t\t\t\t\t<\/div>\n\t\t\t\t<\/div>\n\t\t<div class=\"elementor-element elementor-element-3e055cf e-con-full e-flex e-con e-child\" data-id=\"3e055cf\" data-element_type=\"container\" data-settings=\"{&quot;background_background&quot;:&quot;classic&quot;,&quot;_ha_eqh_enable&quot;:false}\">\n\t\t\t\t<div class=\"elementor-element elementor-element-b2d2244 elementor-widget elementor-widget-heading\" data-id=\"b2d2244\" data-element_type=\"widget\" data-widget_type=\"heading.default\">\n\t\t\t\t<div class=\"elementor-widget-container\">\n\t\t\t<style>\/*! elementor - v3.22.0 - 17-06-2024 *\/\n.elementor-heading-title{padding:0;margin:0;line-height:1}.elementor-widget-heading .elementor-heading-title[class*=elementor-size-]>a{color:inherit;font-size:inherit;line-height:inherit}.elementor-widget-heading .elementor-heading-title.elementor-size-small{font-size:15px}.elementor-widget-heading .elementor-heading-title.elementor-size-medium{font-size:19px}.elementor-widget-heading .elementor-heading-title.elementor-size-large{font-size:29px}.elementor-widget-heading .elementor-heading-title.elementor-size-xl{font-size:39px}.elementor-widget-heading .elementor-heading-title.elementor-size-xxl{font-size:59px}<\/style><h2 class=\"elementor-heading-title elementor-size-default\">VIP ONLINE<\/h2>\t\t<\/div>\n\t\t\t\t<\/div>\n\t\t\t\t<\/div>\n\t\t<div class=\"elementor-element elementor-element-7e7002f e-flex e-con-boxed e-con e-parent\" data-id=\"7e7002f\" data-element_type=\"container\" data-settings=\"{&quot;background_background&quot;:&quot;classic&quot;,&quot;_ha_eqh_enable&quot;:false}\">\n\t\t\t\t\t<div class=\"e-con-inner\">\n\t\t<div class=\"elementor-element elementor-element-b2e2d4f e-con-full e-flex e-con e-child\" data-id=\"b2e2d4f\" data-element_type=\"container\" data-settings=\"{&quot;_ha_eqh_enable&quot;:false}\">\n\t\t\t\t<div class=\"elementor-element elementor-element-6838e54 elementor-widget__width-initial elementor-widget elementor-widget-text-editor\" data-id=\"6838e54\" data-element_type=\"widget\" data-widget_type=\"text-editor.default\">\n\t\t\t\t<div class=\"elementor-widget-container\">\n\t\t\t\t\t\t\t<p>Private classes to all levels and ages aimed at meeting students\u2019 needs.<\/p>\n<p>Communicative approach. Grammar seen in a very communicative way and focus on the students\u2019 results with development follow up.<\/p>\t\t\t\t\t\t<\/div>\n\t\t\t\t<\/div>\n\t\t\t\t<\/div>\n\t\t<div class=\"elementor-element elementor-element-3e8f31c e-con-full e-flex e-con e-child\" data-id=\"3e8f31c\" data-element_type=\"container\" data-settings=\"{&quot;_ha_eqh_enable&quot;:false}\">\n\t\t\t\t<\/div>\n\t\t\t\t\t<\/div>\n\t\t\t\t<\/div>\n\t\t<div class=\"elementor-element elementor-element-f436dd9 e-con-full e-flex e-con e-child\" data-id=\"f436dd9\" data-element_type=\"container\" data-settings=\"{&quot;background_background&quot;:&quot;classic&quot;,&quot;_ha_eqh_enable&quot;:false}\">\n\t\t\t\t<div class=\"elementor-element elementor-element-f8a2201 elementor-widget elementor-widget-heading\" data-id=\"f8a2201\" data-element_type=\"widget\" data-widget_type=\"heading.default\">\n\t\t\t\t<div class=\"elementor-widget-container\">\n\t\t\t<h2 class=\"elementor-heading-title elementor-size-default\">GROUP ONLINE<\/h2>\t\t<\/div>\n\t\t\t\t<\/div>\n\t\t\t\t<\/div>\n\t\t<div class=\"elementor-element elementor-element-bdc675d e-flex e-con-boxed e-con e-parent\" data-id=\"bdc675d\" data-element_type=\"container\" data-settings=\"{&quot;background_background&quot;:&quot;classic&quot;,&quot;_ha_eqh_enable&quot;:false}\">\n\t\t\t\t\t<div class=\"e-con-inner\">\n\t\t<div class=\"elementor-element elementor-element-3376cc4 e-con-full e-flex e-con e-child\" data-id=\"3376cc4\" data-element_type=\"container\" data-settings=\"{&quot;_ha_eqh_enable&quot;:false}\">\n\t\t\t\t<div class=\"elementor-element elementor-element-3bdcd96 elementor-widget__width-initial elementor-widget elementor-widget-text-editor\" data-id=\"3bdcd96\" data-element_type=\"widget\" data-widget_type=\"text-editor.default\">\n\t\t\t\t<div class=\"elementor-widget-container\">\n\t\t\t\t\t\t\t<p>Dynamic and thematic group classes with a small number of students, which motivates students to communicate and interact in a healthy atmosphere, and always with relevant themes to help develop real world citizens.<\/p>\t\t\t\t\t\t<\/div>\n\t\t\t\t<\/div>\n\t\t\t\t<\/div>\n\t\t<div class=\"elementor-element elementor-element-757e34f e-con-full e-flex e-con e-child\" data-id=\"757e34f\" data-element_type=\"container\" data-settings=\"{&quot;_ha_eqh_enable&quot;:false}\">\n\t\t\t\t<\/div>\n\t\t\t\t\t<\/div>\n\t\t\t\t<\/div>\n\t\t<div class=\"elementor-element elementor-element-73a5dba e-con-full e-flex e-con e-child\" data-id=\"73a5dba\" data-element_type=\"container\" data-settings=\"{&quot;background_background&quot;:&quot;classic&quot;,&quot;_ha_eqh_enable&quot;:false}\">\n\t\t\t\t<div class=\"elementor-element elementor-element-9e7dce7 elementor-widget-mobile__width-initial elementor-widget elementor-widget-heading\" data-id=\"9e7dce7\" data-element_type=\"widget\" data-widget_type=\"heading.default\">\n\t\t\t\t<div class=\"elementor-widget-container\">\n\t\t\t<h2 class=\"elementor-heading-title elementor-size-default\">BUSINESS ONLINE IN COMPANY<\/h2>\t\t<\/div>\n\t\t\t\t<\/div>\n\t\t\t\t<\/div>\n\t\t<div class=\"elementor-element elementor-element-dceaad2 e-flex e-con-boxed e-con e-parent\" data-id=\"dceaad2\" data-element_type=\"container\" data-settings=\"{&quot;background_background&quot;:&quot;classic&quot;,&quot;_ha_eqh_enable&quot;:false}\">\n\t\t\t\t\t<div class=\"e-con-inner\">\n\t\t<div class=\"elementor-element elementor-element-477a7e9 e-con-full e-flex e-con e-child\" data-id=\"477a7e9\" data-element_type=\"container\" data-settings=\"{&quot;_ha_eqh_enable&quot;:false}\">\n\t\t\t\t<\/div>\n\t\t<div class=\"elementor-element elementor-element-e5ec5af e-con-full e-flex e-con e-child\" data-id=\"e5ec5af\" data-element_type=\"container\" data-settings=\"{&quot;_ha_eqh_enable&quot;:false}\">\n\t\t\t\t<div class=\"elementor-element elementor-element-3cf9cd3 elementor-widget__width-initial elementor-widget elementor-widget-text-editor\" data-id=\"3cf9cd3\" data-element_type=\"widget\" data-widget_type=\"text-editor.default\">\n\t\t\t\t<div class=\"elementor-widget-container\">\n\t\t\t\t\t\t\t<p>Besides our group and VIP classes, we also offer all the dynamics of our classes to students in a company or office at the same time in a meeting room, for example. This is an interesting way to tackle the problem of time, as well as the journey to school places. This can help the staff of a company to become fluent and achieve higher standards of proficiency under the surveillance and assistance of their directors.<\/p>\t\t\t\t\t\t<\/div>\n\t\t\t\t<\/div>\n\t\t\t\t<\/div>\n\t\t\t\t\t<\/div>\n\t\t\t\t<\/div>\n\t\t<div class=\"elementor-element elementor-element-6cd0ea3 e-con-full e-flex e-con e-parent\" data-id=\"6cd0ea3\" data-element_type=\"container\" data-settings=\"{&quot;background_background&quot;:&quot;classic&quot;,&quot;_ha_eqh_enable&quot;:false}\">\n\t\t<div class=\"elementor-element elementor-element-d86143f containear e-con-full e-flex e-con e-child\" data-id=\"d86143f\" data-element_type=\"container\" data-settings=\"{&quot;_ha_eqh_enable&quot;:false}\">\n\t\t\t\t<div class=\"elementor-element elementor-element-cb6c14f elementor-hidden-mobile elementor-widget elementor-widget-image\" data-id=\"cb6c14f\" data-element_type=\"widget\" data-widget_type=\"image.default\">\n\t\t\t\t<div class=\"elementor-widget-container\">\n\t\t\t\t\t\t\t\t\t\t\t\t\t<img fetchpriority=\"high\" decoding=\"async\" width=\"415\" height=\"422\" src=\"https:\/\/viaenglish.com\/wp-content\/uploads\/2024\/06\/grupo-conversando.png\" class=\"attachment-large size-large wp-image-73\" alt=\"\" srcset=\"https:\/\/viaenglish.com\/wp-content\/uploads\/2024\/06\/grupo-conversando.png 415w, https:\/\/viaenglish.com\/wp-content\/uploads\/2024\/06\/grupo-conversando-295x300.png 295w\" sizes=\"(max-width: 415px) 100vw, 415px\" \/>\t\t\t\t\t\t\t\t\t\t\t\t\t<\/div>\n\t\t\t\t<\/div>\n\t\t\t\t<\/div>\n\t\t<div class=\"elementor-element elementor-element-b020434 e-con-full e-flex e-con e-child\" data-id=\"b020434\" data-element_type=\"container\" data-settings=\"{&quot;_ha_eqh_enable&quot;:false}\">\n\t\t\t\t<div class=\"elementor-element elementor-element-58b862f elementor-widget__width-initial elementor-widget elementor-widget-text-editor\" data-id=\"58b862f\" data-element_type=\"widget\" data-widget_type=\"text-editor.default\">\n\t\t\t\t<div class=\"elementor-widget-container\">\n\t\t\t\t\t\t\t<p>Do more than just answer and make sentences.<\/p>\t\t\t\t\t\t<\/div>\n\t\t\t\t<\/div>\n\t\t\t\t<div class=\"elementor-element elementor-element-c61e5ac elementor-widget__width-initial elementor-widget elementor-widget-text-editor\" data-id=\"c61e5ac\" data-element_type=\"widget\" data-widget_type=\"text-editor.default\">\n\t\t\t\t<div class=\"elementor-widget-container\">\n\t\t\t\t\t\t\t<p>Learn how to speak fluently!<\/p>\t\t\t\t\t\t<\/div>\n\t\t\t\t<\/div>\n\t\t\t\t<div class=\"elementor-element elementor-element-919b181 elementor-widget elementor-widget-button\" data-id=\"919b181\" data-element_type=\"widget\" data-widget_type=\"button.default\">\n\t\t\t\t<div class=\"elementor-widget-container\">\n\t\t\t\t\t<div class=\"elementor-button-wrapper\">\n\t\t\t<a class=\"elementor-button elementor-button-link elementor-size-sm\" href=\"https:\/\/viaenglish.com\/en\/aula-gratis\/\">\n\t\t\t\t\t\t<span class=\"elementor-button-content-wrapper\">\n\t\t\t\t\t\t\t\t\t<span class=\"elementor-button-text\">Free Trial Class<\/span>\n\t\t\t\t\t<\/span>\n\t\t\t\t\t<\/a>\n\t\t<\/div>\n\t\t\t\t<\/div>\n\t\t\t\t<\/div>\n\t\t\t\t<\/div>\n\t\t\t\t<\/div>\n\t\t\t\t<\/div>","protected":false},"excerpt":{"rendered":"<p>Nossos Cursos Nossos cursos acontecem atrav\u00e9s do sistema online, ou seja, o aluno faz aula de casa, escrit\u00f3rio ou onde estiver atrav\u00e9s de um PC, laptop ou at\u00e9 mesmo um dispositivo m\u00f3vel. O aluno est\u00e1 com o professor o tempo todo da aula e atrav\u00e9s de sistema de \u00e1udio e v\u00eddeo todos podem se ver [&hellip;]<\/p>","protected":false},"author":2,"featured_media":0,"parent":0,"menu_order":0,"comment_status":"closed","ping_status":"closed","template":"elementor_header_footer","meta":{"footnotes":""},"class_list":["post-113","page","type-page","status-publish","hentry"],"yoast_head":"<!-- This site is optimized with the Yoast SEO Premium plugin v22.9 (Yoast SEO v22.9) - https:\/\/yoast.com\/wordpress\/plugins\/seo\/ -->\n<title>Nossos Cursos - ViaEnglish<\/title>\n<meta name=\"robots\" content=\"index, follow, max-snippet:-1, max-image-preview:large, max-video-preview:-1\" \/>\n<link rel=\"canonical\" href=\"https:\/\/viaenglish.com\/en\/nossos-cursos\/\" \/>\n<meta property=\"og:locale\" content=\"en_US\" \/>\n<meta property=\"og:type\" content=\"article\" \/>\n<meta property=\"og:title\" content=\"Nossos Cursos\" \/>\n<meta property=\"og:description\" content=\"Nossos Cursos Nossos cursos acontecem atrav\u00e9s do sistema online, ou seja, o aluno faz aula de casa, escrit\u00f3rio ou onde estiver atrav\u00e9s de um PC, laptop ou at\u00e9 mesmo um dispositivo m\u00f3vel. O aluno est\u00e1 com o professor o tempo todo da aula e atrav\u00e9s de sistema de \u00e1udio e v\u00eddeo todos podem se ver [&hellip;]\" \/>\n<meta property=\"og:url\" content=\"https:\/\/viaenglish.com\/en\/nossos-cursos\/\" \/>\n<meta property=\"og:site_name\" content=\"ViaEnglish\" \/>\n<meta property=\"article:modified_time\" content=\"2024-07-12T02:53:52+00:00\" \/>\n<meta property=\"og:image\" content=\"https:\/\/viaenglish.com\/wp-content\/uploads\/2024\/06\/grupo-conversando.png\" \/>\n<meta name=\"twitter:card\" content=\"summary_large_image\" \/>\n<meta name=\"twitter:label1\" content=\"Est. reading time\" \/>\n\t<meta name=\"twitter:data1\" content=\"2 minutes\" \/>\n<script type=\"application\/ld+json\" class=\"yoast-schema-graph\">{\"@context\":\"https:\/\/schema.org\",\"@graph\":[{\"@type\":\"WebPage\",\"@id\":\"https:\/\/viaenglish.com\/nossos-cursos\/\",\"url\":\"https:\/\/viaenglish.com\/nossos-cursos\/\",\"name\":\"Nossos Cursos - ViaEnglish\",\"isPartOf\":{\"@id\":\"https:\/\/viaenglish.com\/#website\"},\"primaryImageOfPage\":{\"@id\":\"https:\/\/viaenglish.com\/nossos-cursos\/#primaryimage\"},\"image\":{\"@id\":\"https:\/\/viaenglish.com\/nossos-cursos\/#primaryimage\"},\"thumbnailUrl\":\"https:\/\/viaenglish.com\/wp-content\/uploads\/2024\/06\/grupo-conversando.png\",\"datePublished\":\"2024-06-22T20:42:10+00:00\",\"dateModified\":\"2024-07-12T02:53:52+00:00\",\"breadcrumb\":{\"@id\":\"https:\/\/viaenglish.com\/nossos-cursos\/#breadcrumb\"},\"inLanguage\":\"en-US\",\"potentialAction\":[{\"@type\":\"ReadAction\",\"target\":[\"https:\/\/viaenglish.com\/nossos-cursos\/\"]}]},{\"@type\":\"ImageObject\",\"inLanguage\":\"en-US\",\"@id\":\"https:\/\/viaenglish.com\/nossos-cursos\/#primaryimage\",\"url\":\"https:\/\/viaenglish.com\/wp-content\/uploads\/2024\/06\/grupo-conversando.png\",\"contentUrl\":\"https:\/\/viaenglish.com\/wp-content\/uploads\/2024\/06\/grupo-conversando.png\"},{\"@type\":\"BreadcrumbList\",\"@id\":\"https:\/\/viaenglish.com\/nossos-cursos\/#breadcrumb\",\"itemListElement\":[{\"@type\":\"ListItem\",\"position\":1,\"name\":\"Home\",\"item\":\"https:\/\/viaenglish.com\/\"},{\"@type\":\"ListItem\",\"position\":2,\"name\":\"Nossos Cursos\"}]},{\"@type\":\"WebSite\",\"@id\":\"https:\/\/viaenglish.com\/#website\",\"url\":\"https:\/\/viaenglish.com\/\",\"name\":\"ViaEnglish\",\"description\":\"\",\"potentialAction\":[{\"@type\":\"SearchAction\",\"target\":{\"@type\":\"EntryPoint\",\"urlTemplate\":\"https:\/\/viaenglish.com\/?s={search_term_string}\"},\"query-input\":\"required name=search_term_string\"}],\"inLanguage\":\"en-US\"}]}<\/script>\n<!-- \/ Yoast SEO Premium plugin. -->","yoast_head_json":{"title":"Nossos Cursos - ViaEnglish","robots":{"index":"index","follow":"follow","max-snippet":"max-snippet:-1","max-image-preview":"max-image-preview:large","max-video-preview":"max-video-preview:-1"},"canonical":"https:\/\/viaenglish.com\/en\/nossos-cursos\/","og_locale":"en_US","og_type":"article","og_title":"Nossos Cursos","og_description":"Nossos Cursos Nossos cursos acontecem atrav\u00e9s do sistema online, ou seja, o aluno faz aula de casa, escrit\u00f3rio ou onde estiver atrav\u00e9s de um PC, laptop ou at\u00e9 mesmo um dispositivo m\u00f3vel. O aluno est\u00e1 com o professor o tempo todo da aula e atrav\u00e9s de sistema de \u00e1udio e v\u00eddeo todos podem se ver [&hellip;]","og_url":"https:\/\/viaenglish.com\/en\/nossos-cursos\/","og_site_name":"ViaEnglish","article_modified_time":"2024-07-12T02:53:52+00:00","og_image":[{"url":"https:\/\/viaenglish.com\/wp-content\/uploads\/2024\/06\/grupo-conversando.png"}],"twitter_card":"summary_large_image","twitter_misc":{"Est. reading time":"2 minutes"},"schema":{"@context":"https:\/\/schema.org","@graph":[{"@type":"WebPage","@id":"https:\/\/viaenglish.com\/nossos-cursos\/","url":"https:\/\/viaenglish.com\/nossos-cursos\/","name":"Nossos Cursos - ViaEnglish","isPartOf":{"@id":"https:\/\/viaenglish.com\/#website"},"primaryImageOfPage":{"@id":"https:\/\/viaenglish.com\/nossos-cursos\/#primaryimage"},"image":{"@id":"https:\/\/viaenglish.com\/nossos-cursos\/#primaryimage"},"thumbnailUrl":"https:\/\/viaenglish.com\/wp-content\/uploads\/2024\/06\/grupo-conversando.png","datePublished":"2024-06-22T20:42:10+00:00","dateModified":"2024-07-12T02:53:52+00:00","breadcrumb":{"@id":"https:\/\/viaenglish.com\/nossos-cursos\/#breadcrumb"},"inLanguage":"en-US","potentialAction":[{"@type":"ReadAction","target":["https:\/\/viaenglish.com\/nossos-cursos\/"]}]},{"@type":"ImageObject","inLanguage":"en-US","@id":"https:\/\/viaenglish.com\/nossos-cursos\/#primaryimage","url":"https:\/\/viaenglish.com\/wp-content\/uploads\/2024\/06\/grupo-conversando.png","contentUrl":"https:\/\/viaenglish.com\/wp-content\/uploads\/2024\/06\/grupo-conversando.png"},{"@type":"BreadcrumbList","@id":"https:\/\/viaenglish.com\/nossos-cursos\/#breadcrumb","itemListElement":[{"@type":"ListItem","position":1,"name":"Home","item":"https:\/\/viaenglish.com\/"},{"@type":"ListItem","position":2,"name":"Nossos Cursos"}]},{"@type":"WebSite","@id":"https:\/\/viaenglish.com\/#website","url":"https:\/\/viaenglish.com\/","name":"ViaEnglish","description":"","potentialAction":[{"@type":"SearchAction","target":{"@type":"EntryPoint","urlTemplate":"https:\/\/viaenglish.com\/?s={search_term_string}"},"query-input":"required name=search_term_string"}],"inLanguage":"en-US"}]}},"_links":{"self":[{"href":"https:\/\/viaenglish.com\/en\/wp-json\/wp\/v2\/pages\/113","targetHints":{"allow":["GET"]}}],"collection":[{"href":"https:\/\/viaenglish.com\/en\/wp-json\/wp\/v2\/pages"}],"about":[{"href":"https:\/\/viaenglish.com\/en\/wp-json\/wp\/v2\/types\/page"}],"author":[{"embeddable":true,"href":"https:\/\/viaenglish.com\/en\/wp-json\/wp\/v2\/users\/2"}],"replies":[{"embeddable":true,"href":"https:\/\/viaenglish.com\/en\/wp-json\/wp\/v2\/comments?post=113"}],"version-history":[{"count":10,"href":"https:\/\/viaenglish.com\/en\/wp-json\/wp\/v2\/pages\/113\/revisions"}],"predecessor-version":[{"id":704,"href":"https:\/\/viaenglish.com\/en\/wp-json\/wp\/v2\/pages\/113\/revisions\/704"}],"wp:attachment":[{"href":"https:\/\/viaenglish.com\/en\/wp-json\/wp\/v2\/media?parent=113"}],"curies":[{"name":"wp","href":"https:\/\/api.w.org\/{rel}","templated":true}]}}