{"id":103,"date":"2024-06-22T17:40:15","date_gmt":"2024-06-22T20:40:15","guid":{"rendered":"https:\/\/viaenglish.com\/?page_id=103"},"modified":"2024-08-22T01:49:22","modified_gmt":"2024-08-22T04:49:22","slug":"como-funciona","status":"publish","type":"page","link":"https:\/\/viaenglish.com\/en\/como-funciona\/","title":{"rendered":"How It Works"},"content":{"rendered":"<div data-elementor-type=\"wp-page\" data-elementor-id=\"103\" class=\"elementor elementor-103\" data-elementor-post-type=\"page\">\n\t\t\t\t<div class=\"elementor-element elementor-element-75ed5bf e-con-full e-flex e-con e-parent\" data-id=\"75ed5bf\" data-element_type=\"container\" data-settings=\"{&quot;background_background&quot;:&quot;classic&quot;,&quot;_ha_eqh_enable&quot;:false}\">\n\t\t<div class=\"elementor-element elementor-element-e305ad4 e-con-full e-flex e-con e-child\" data-id=\"e305ad4\" data-element_type=\"container\" data-settings=\"{&quot;_ha_eqh_enable&quot;:false}\">\n\t\t\t\t<\/div>\n\t\t<div class=\"elementor-element elementor-element-41fd9fa e-flex e-con-boxed e-con e-child\" data-id=\"41fd9fa\" data-element_type=\"container\" data-settings=\"{&quot;_ha_eqh_enable&quot;:false}\">\n\t\t\t\t\t<div class=\"e-con-inner\">\n\t\t\t\t<div class=\"elementor-element elementor-element-390e1d3 elementor-widget elementor-widget-text-editor\" data-id=\"390e1d3\" data-element_type=\"widget\" data-widget_type=\"text-editor.default\">\n\t\t\t\t<div class=\"elementor-widget-container\">\n\t\t\t<style>\/*! elementor - v3.22.0 - 17-06-2024 *\/\n.elementor-widget-text-editor.elementor-drop-cap-view-stacked .elementor-drop-cap{background-color:#69727d;color:#fff}.elementor-widget-text-editor.elementor-drop-cap-view-framed .elementor-drop-cap{color:#69727d;border:3px solid;background-color:transparent}.elementor-widget-text-editor:not(.elementor-drop-cap-view-default) .elementor-drop-cap{margin-top:8px}.elementor-widget-text-editor:not(.elementor-drop-cap-view-default) .elementor-drop-cap-letter{width:1em;height:1em}.elementor-widget-text-editor .elementor-drop-cap{float:left;text-align:center;line-height:1;font-size:50px}.elementor-widget-text-editor .elementor-drop-cap-letter{display:inline-block}<\/style>\t\t\t\t<p><span style=\"color: #125f7f;\">How it <\/span>works<\/p>\t\t\t\t\t\t<\/div>\n\t\t\t\t<\/div>\n\t\t\t\t<div class=\"elementor-element elementor-element-67f61a3 elementor-widget__width-initial elementor-widget-mobile__width-initial elementor-widget elementor-widget-text-editor\" data-id=\"67f61a3\" data-element_type=\"widget\" data-widget_type=\"text-editor.default\">\n\t\t\t\t<div class=\"elementor-widget-container\">\n\t\t\t\t\t\t\t<p>ViaEnglish.com is an online language school for people who need to learn English with experienced professionals in a fast way and for those who have little time to move from place to place in small or big cities around the world.<\/p><p>With ViaEnglish.com the student has a group or VIP class with the online teacher, from his PC or laptop, in his or her home, office or any place where they can have a device connected to the Internet.<\/p><p>The books used are developed by the best language-teaching editors in the world. British and Spanish institutions founded many years ago and with a wide range of experience in language book publishing.<\/p><p>The group and VIP classes, guarantee a much better and faster result since the student has the total attention of the teacher, he gains self confidence and the teacher dedicates himself for that student the whole time of the class, offering at the same time, more time for participation, clarifying the student\u2019s doubt and providing an effective practice of the target language.<\/p>\t\t\t\t\t\t<\/div>\n\t\t\t\t<\/div>\n\t\t\t\t\t<\/div>\n\t\t\t\t<\/div>\n\t\t\t\t<\/div>\n\t\t<div class=\"elementor-element elementor-element-850ec0d e-con-full e-flex e-con e-child\" data-id=\"850ec0d\" data-element_type=\"container\" data-settings=\"{&quot;background_background&quot;:&quot;classic&quot;,&quot;_ha_eqh_enable&quot;:false}\">\n\t\t\t\t<div class=\"elementor-element elementor-element-20a5ee1 elementor-widget elementor-widget-heading\" data-id=\"20a5ee1\" data-element_type=\"widget\" data-widget_type=\"heading.default\">\n\t\t\t\t<div class=\"elementor-widget-container\">\n\t\t\t<style>\/*! elementor - v3.22.0 - 17-06-2024 *\/\n.elementor-heading-title{padding:0;margin:0;line-height:1}.elementor-widget-heading .elementor-heading-title[class*=elementor-size-]>a{color:inherit;font-size:inherit;line-height:inherit}.elementor-widget-heading .elementor-heading-title.elementor-size-small{font-size:15px}.elementor-widget-heading .elementor-heading-title.elementor-size-medium{font-size:19px}.elementor-widget-heading .elementor-heading-title.elementor-size-large{font-size:29px}.elementor-widget-heading .elementor-heading-title.elementor-size-xl{font-size:39px}.elementor-widget-heading .elementor-heading-title.elementor-size-xxl{font-size:59px}<\/style><h2 class=\"elementor-heading-title elementor-size-default\">THE METHOD\n<\/h2>\t\t<\/div>\n\t\t\t\t<\/div>\n\t\t\t\t<\/div>\n\t\t<div class=\"elementor-element elementor-element-b2ad35b e-flex e-con-boxed e-con e-parent\" data-id=\"b2ad35b\" data-element_type=\"container\" data-settings=\"{&quot;background_background&quot;:&quot;classic&quot;,&quot;_ha_eqh_enable&quot;:false}\">\n\t\t\t\t\t<div class=\"e-con-inner\">\n\t\t\t\t<div class=\"elementor-element elementor-element-23667bb elementor-widget__width-initial elementor-widget-mobile__width-initial elementor-widget elementor-widget-text-editor\" data-id=\"23667bb\" data-element_type=\"widget\" data-widget_type=\"text-editor.default\">\n\t\t\t\t<div class=\"elementor-widget-container\">\n\t\t\t\t\t\t\t<p class=\"white\">The classes happen as in any serious language school. We make use of didactic material from renowned editors from England and Spain. The student is led throughout the class in phases that take him from the presentation of a specific learning point to the practice in real everyday situations. We developed our work based on the theory of the multiple intelligences where we know that each individual has different individual competences and our teachers are trained to know how to deal with all different learning styles.<\/p><p class=\"white\">With the short number of students in class, everyone increases their possibilities to participate and to consolidate what they have learned. Teachers mediate the process in a way so that students can interact from the beginning to the end of the class, even when they are learning grammar. Something very important and very much part of our focus, but we do grammar in a very communicative way. Always trying to recreate real life atmosphere in the class.<\/p>\t\t\t\t\t\t<\/div>\n\t\t\t\t<\/div>\n\t\t\t\t\t<\/div>\n\t\t\t\t<\/div>\n\t\t<div class=\"elementor-element elementor-element-5f2a7a6 e-con-full e-flex e-con e-child\" data-id=\"5f2a7a6\" data-element_type=\"container\" data-settings=\"{&quot;background_background&quot;:&quot;classic&quot;,&quot;_ha_eqh_enable&quot;:false}\">\n\t\t\t\t<div class=\"elementor-element elementor-element-2dfe2e7 elementor-widget__width-initial elementor-widget-mobile__width-initial elementor-widget elementor-widget-heading\" data-id=\"2dfe2e7\" data-element_type=\"widget\" data-widget_type=\"heading.default\">\n\t\t\t\t<div class=\"elementor-widget-container\">\n\t\t\t<h2 class=\"elementor-heading-title elementor-size-default\">Learn fast and efficiently to be confident and to be fluent!<\/h2>\t\t<\/div>\n\t\t\t\t<\/div>\n\t\t\t\t<div class=\"elementor-element elementor-element-53025c4 elementor-widget__width-initial elementor-widget elementor-widget-text-editor\" data-id=\"53025c4\" data-element_type=\"widget\" data-widget_type=\"text-editor.default\">\n\t\t\t\t<div class=\"elementor-widget-container\">\n\t\t\t\t\t\t\t<p class=\"white\">Speaking a language demands practice and exposure so that it can happen in a much faster, more dynamic and efficient way, as well as funny. You can\u2019t speak a language by memorizing sentences, but thinking and transforming ideas into words.<\/p>\t\t\t\t\t\t<\/div>\n\t\t\t\t<\/div>\n\t\t\t\t<\/div>\n\t\t<div class=\"elementor-element elementor-element-755802e e-con-full e-flex e-con e-parent\" data-id=\"755802e\" data-element_type=\"container\" data-settings=\"{&quot;background_background&quot;:&quot;classic&quot;,&quot;_ha_eqh_enable&quot;:false}\">\n\t\t<div class=\"elementor-element elementor-element-b1c41a3 e-con-full containear e-flex e-con e-child\" data-id=\"b1c41a3\" data-element_type=\"container\" data-settings=\"{&quot;_ha_eqh_enable&quot;:false}\">\n\t\t\t\t<div class=\"elementor-element elementor-element-7238b16 elementor-widget__width-initial elementor-widget elementor-widget-image\" data-id=\"7238b16\" data-element_type=\"widget\" data-widget_type=\"image.default\">\n\t\t\t\t<div class=\"elementor-widget-container\">\n\t\t\t\t\t\t\t\t\t\t\t\t\t<img decoding=\"async\" width=\"172\" height=\"128\" src=\"https:\/\/viaenglish.com\/wp-content\/uploads\/2024\/06\/aspas-_1_.png\" class=\"attachment-full size-full wp-image-342\" alt=\"\" srcset=\"https:\/\/viaenglish.com\/wp-content\/uploads\/2024\/06\/aspas-_1_.png 172w, https:\/\/viaenglish.com\/wp-content\/uploads\/2024\/06\/aspas-_1_-16x12.png 16w\" sizes=\"(max-width: 172px) 100vw, 172px\" \/>\t\t\t\t\t\t\t\t\t\t\t\t\t<\/div>\n\t\t\t\t<\/div>\n\t\t\t\t<\/div>\n\t\t<div class=\"elementor-element elementor-element-ed053e5 containear e-flex e-con-boxed e-con e-child\" data-id=\"ed053e5\" data-element_type=\"container\" data-settings=\"{&quot;_ha_eqh_enable&quot;:false}\">\n\t\t\t\t\t<div class=\"e-con-inner\">\n\t\t\t\t<div class=\"elementor-element elementor-element-0e147d2 elementor-widget elementor-widget-text-editor\" data-id=\"0e147d2\" data-element_type=\"widget\" data-widget_type=\"text-editor.default\">\n\t\t\t\t<div class=\"elementor-widget-container\">\n\t\t\t\t\t\t\t<p>WORD FROM OUR STUDENTS<\/p>\t\t\t\t\t\t<\/div>\n\t\t\t\t<\/div>\n\t\t\t\t<div class=\"elementor-element elementor-element-7157092 elementor-testimonial--align-left elementor-testimonial--mobile-align-left elementor-widget-mobile__width-inherit elementor-widget__width-initial elementor-testimonial--skin-default elementor-testimonial--layout-image_inline elementor-pagination-type-bullets elementor-widget elementor-widget-testimonial-carousel\" data-id=\"7157092\" data-element_type=\"widget\" data-settings=\"{&quot;space_between&quot;:{&quot;unit&quot;:&quot;px&quot;,&quot;size&quot;:21,&quot;sizes&quot;:[]},&quot;space_between_mobile&quot;:{&quot;unit&quot;:&quot;px&quot;,&quot;size&quot;:5,&quot;sizes&quot;:[]},&quot;pagination&quot;:&quot;bullets&quot;,&quot;speed&quot;:500,&quot;autoplay&quot;:&quot;yes&quot;,&quot;autoplay_speed&quot;:5000,&quot;loop&quot;:&quot;yes&quot;,&quot;pause_on_hover&quot;:&quot;yes&quot;,&quot;pause_on_interaction&quot;:&quot;yes&quot;,&quot;space_between_tablet&quot;:{&quot;unit&quot;:&quot;px&quot;,&quot;size&quot;:10,&quot;sizes&quot;:[]}}\" data-widget_type=\"testimonial-carousel.default\">\n\t\t\t\t<div class=\"elementor-widget-container\">\n\t\t\t<link rel=\"stylesheet\" href=\"https:\/\/viaenglish.com\/wp-content\/plugins\/pro-elements\/assets\/css\/widget-carousel.min.css\">\t\t<div class=\"elementor-swiper\">\n\t\t\t<div class=\"elementor-main-swiper swiper\">\n\t\t\t\t<div class=\"swiper-wrapper\">\n\t\t\t\t\t\t\t\t\t\t\t<div class=\"swiper-slide\">\n\t\t\t\t\t\t\t\t\t<div class=\"elementor-testimonial\">\n\t\t\t\t\t\t\t<div class=\"elementor-testimonial__content\">\n\t\t\t\t\t<div class=\"elementor-testimonial__text\">\n\t\t\t\t\t\t\n\t\t\t\t\t\t\t\t\t\t\t\t\tI have studied at many language schools for long periods, but have never been confident to speak English. After I joined ViaEnglish, my confidence improved 100% and today I travel to just about everywhere in the world, speak English and even live abroad, because I\u2019ve learned English and Spanish at ViaEnglish. ViaEnglish is more than just a school, it\u2019s a partnership that helps you improve in many other areas of your life, due to the very communicative system. I\u2019m very thankful for all the classes and the help I got from teachers who became also my friends.\t\t\t\t\t\t\t\t\t\t\t\t\t\t\t\t\t\t<\/div>\n\t\t\t\t\t\t\t\t\t<\/div>\n\t\t\t\t\t\t<div class=\"elementor-testimonial__footer\">\n\t\t\t\t\t\t\t\t\t<div class=\"elementor-testimonial__image\">\n\t\t\t\t\t\t<img decoding=\"async\" src=\"https:\/\/viaenglish.com\/wp-content\/uploads\/2024\/06\/marcio-mateus.jpg\" alt=\"Marcio Mateus\">\n\t\t\t\t\t\t\t\t\t\t\t<\/div>\n\t\t\t\t\t\t\t\t<cite class=\"elementor-testimonial__cite\"><span class=\"elementor-testimonial__name\">Marcio Mateus<\/span><\/cite>\t\t\t<\/div>\n\t\t<\/div>\n\t\t\t\t\t\t\t\t<\/div>\n\t\t\t\t\t\t\t\t\t\t\t<div class=\"swiper-slide\">\n\t\t\t\t\t\t\t\t\t<div class=\"elementor-testimonial\">\n\t\t\t\t\t\t\t<div class=\"elementor-testimonial__content\">\n\t\t\t\t\t<div class=\"elementor-testimonial__text\">\n\t\t\t\t\t\t\n\t\t\t\t\t\t\t\t\t\t\t\t\tSince I started the course with ViaEnglish, my English went through a very big change. I was completely stuck to learn and I had a lot of difficulties to speak the language before. However, the methodology of the classes, as well as the interactivity proposed by them are simply sensational and the results appear much faster than anywhere else. No doubts, ViaEnglish has become the best language school in the country.\t\t\t\t\t\t\t\t\t\t\t\t\t\t\t\t\t\t<\/div>\n\t\t\t\t\t\t\t\t\t<\/div>\n\t\t\t\t\t\t<div class=\"elementor-testimonial__footer\">\n\t\t\t\t\t\t\t\t\t<div class=\"elementor-testimonial__image\">\n\t\t\t\t\t\t<img decoding=\"async\" src=\"https:\/\/viaenglish.com\/wp-content\/uploads\/2024\/06\/alexandre-victor-ferreira.jpg\" alt=\"Alexandre Victor Ferreira\">\n\t\t\t\t\t\t\t\t\t\t\t<\/div>\n\t\t\t\t\t\t\t\t<cite class=\"elementor-testimonial__cite\"><span class=\"elementor-testimonial__name\">Alexandre Victor Ferreira<\/span><\/cite>\t\t\t<\/div>\n\t\t<\/div>\n\t\t\t\t\t\t\t\t<\/div>\n\t\t\t\t\t\t\t\t\t\t\t<div class=\"swiper-slide\">\n\t\t\t\t\t\t\t\t\t<div class=\"elementor-testimonial\">\n\t\t\t\t\t\t\t<div class=\"elementor-testimonial__content\">\n\t\t\t\t\t<div class=\"elementor-testimonial__text\">\n\t\t\t\t\t\tI started having classes at ViaEnglish when I was 13, and now, with the age of 18, I feel completely confident and satisfied with my development with the English language. The reason why I continue at ViaEnglish after all this time is the dynamic of the classes. The interactive classes help students participate much more and it\u2019s really cool. I have always taken pleasure in having these classes and this is what makes ViaEnglish different. It was the best choice ever. It helped me get into college and for the whole life.\t\t\t\t\t\t\t\t\t\t\t\t\t\t\t\t\t\t<\/div>\n\t\t\t\t\t\t\t\t\t<\/div>\n\t\t\t\t\t\t<div class=\"elementor-testimonial__footer\">\n\t\t\t\t\t\t\t\t\t<div class=\"elementor-testimonial__image\">\n\t\t\t\t\t\t<img decoding=\"async\" src=\"https:\/\/viaenglish.com\/wp-content\/uploads\/2024\/06\/bruna-rinaldi.jpg\" alt=\"Bruna Rinaldi\">\n\t\t\t\t\t\t\t\t\t\t\t<\/div>\n\t\t\t\t\t\t\t\t<cite class=\"elementor-testimonial__cite\"><span class=\"elementor-testimonial__name\">Bruna Rinaldi<\/span><\/cite>\t\t\t<\/div>\n\t\t<\/div>\n\t\t\t\t\t\t\t\t<\/div>\n\t\t\t\t\t\t\t\t\t<\/div>\n\t\t\t\t\t\t\t\t\t\t\t\t\t\t\t<div class=\"swiper-pagination\"><\/div>\n\t\t\t\t\t\t\t\t\t\t\t\t\t\t\t\t\t<\/div>\n\t\t<\/div>\n\t\t\t\t<\/div>\n\t\t\t\t<\/div>\n\t\t\t\t\t<\/div>\n\t\t\t\t<\/div>\n\t\t\t\t<\/div>\n\t\t<div class=\"elementor-element elementor-element-9add3a7 e-con-full e-flex e-con e-parent\" data-id=\"9add3a7\" data-element_type=\"container\" data-settings=\"{&quot;_ha_eqh_enable&quot;:false}\">\n\t\t\t\t<div class=\"elementor-element elementor-element-f49801c elementor-widget elementor-widget-shortcode\" data-id=\"f49801c\" data-element_type=\"widget\" data-widget_type=\"shortcode.default\">\n\t\t\t\t<div class=\"elementor-widget-container\">\n\t\t\t\t\t<div class=\"elementor-shortcode\">\t\t<div data-elementor-type=\"section\" data-elementor-id=\"832\" class=\"elementor elementor-832\" data-elementor-post-type=\"elementor_library\">\n\t\t\t<div class=\"elementor-element elementor-element-857a8da e-con-full e-flex e-con e-parent\" data-id=\"857a8da\" data-element_type=\"container\" data-settings=\"{&quot;background_background&quot;:&quot;classic&quot;,&quot;_ha_eqh_enable&quot;:false}\">\n\t\t<div class=\"elementor-element elementor-element-03b84da containear e-con-full e-flex e-con e-child\" data-id=\"03b84da\" data-element_type=\"container\" data-settings=\"{&quot;_ha_eqh_enable&quot;:false}\">\n\t\t\t\t<div class=\"elementor-element elementor-element-d670b0a elementor-hidden-mobile elementor-widget elementor-widget-image\" data-id=\"d670b0a\" data-element_type=\"widget\" data-widget_type=\"image.default\">\n\t\t\t\t<div class=\"elementor-widget-container\">\n\t\t\t\t\t\t\t\t\t\t\t\t\t<img fetchpriority=\"high\" decoding=\"async\" width=\"415\" height=\"422\" src=\"https:\/\/viaenglish.com\/wp-content\/uploads\/2024\/06\/grupo-conversando.png\" class=\"attachment-large size-large wp-image-73\" alt=\"\" srcset=\"https:\/\/viaenglish.com\/wp-content\/uploads\/2024\/06\/grupo-conversando.png 415w, https:\/\/viaenglish.com\/wp-content\/uploads\/2024\/06\/grupo-conversando-295x300.png 295w\" sizes=\"(max-width: 415px) 100vw, 415px\" \/>\t\t\t\t\t\t\t\t\t\t\t\t\t<\/div>\n\t\t\t\t<\/div>\n\t\t\t\t<\/div>\n\t\t<div class=\"elementor-element elementor-element-8fd426b e-con-full e-flex e-con e-child\" data-id=\"8fd426b\" data-element_type=\"container\" data-settings=\"{&quot;_ha_eqh_enable&quot;:false}\">\n\t\t\t\t<div class=\"elementor-element elementor-element-8aa185a elementor-widget__width-initial elementor-widget elementor-widget-text-editor\" data-id=\"8aa185a\" data-element_type=\"widget\" data-widget_type=\"text-editor.default\">\n\t\t\t\t<div class=\"elementor-widget-container\">\n\t\t\t\t\t\t\t<p>Do more than just answer and make sentences.<\/p>\t\t\t\t\t\t<\/div>\n\t\t\t\t<\/div>\n\t\t\t\t<div class=\"elementor-element elementor-element-c0cefd8 elementor-widget__width-initial elementor-widget elementor-widget-text-editor\" data-id=\"c0cefd8\" data-element_type=\"widget\" data-widget_type=\"text-editor.default\">\n\t\t\t\t<div class=\"elementor-widget-container\">\n\t\t\t\t\t\t\t<p>Learn how to speak fluently!<\/p>\t\t\t\t\t\t<\/div>\n\t\t\t\t<\/div>\n\t\t\t\t<div class=\"elementor-element elementor-element-fa746b6 elementor-widget elementor-widget-button\" data-id=\"fa746b6\" data-element_type=\"widget\" data-widget_type=\"button.default\">\n\t\t\t\t<div class=\"elementor-widget-container\">\n\t\t\t\t\t<div class=\"elementor-button-wrapper\">\n\t\t\t<a class=\"elementor-button elementor-button-link elementor-size-sm\" href=\"https:\/\/viaenglish.com\/en\/area-do-aluno\/aula-gratis\/\">\n\t\t\t\t\t\t<span class=\"elementor-button-content-wrapper\">\n\t\t\t\t\t\t\t\t\t<span class=\"elementor-button-text\">Free Trial Class<\/span>\n\t\t\t\t\t<\/span>\n\t\t\t\t\t<\/a>\n\t\t<\/div>\n\t\t\t\t<\/div>\n\t\t\t\t<\/div>\n\t\t\t\t<\/div>\n\t\t\t\t<\/div>\n\t\t\t\t<\/div>\n\t\t<\/div>\n\t\t\t\t<\/div>\n\t\t\t\t<\/div>\n\t\t\t\t<\/div>\n\t\t\t\t<\/div>","protected":false},"excerpt":{"rendered":"<p>Como Funciona ViaEnglish.com \u00e9 uma escola de l\u00ednguas online para pessoas que precisam aprender ingl\u00eas ou espanhol com profissionais experientes, de forma r\u00e1pida, e que possuem pouco tempo para se locomover nas pequenas ou grandes cidades pelo mundo. Com a ViaEnglish.com o aluno faz aula em grupo ou individual, ou seja, aula com o professor [&hellip;]<\/p>","protected":false},"author":2,"featured_media":0,"parent":0,"menu_order":0,"comment_status":"closed","ping_status":"closed","template":"elementor_header_footer","meta":{"footnotes":""},"class_list":["post-103","page","type-page","status-publish","hentry"],"yoast_head":"<!-- This site is optimized with the Yoast SEO Premium plugin v22.9 (Yoast SEO v22.9) - https:\/\/yoast.com\/wordpress\/plugins\/seo\/ -->\n<title>Como Funciona - ViaEnglish<\/title>\n<meta name=\"robots\" content=\"index, follow, max-snippet:-1, max-image-preview:large, max-video-preview:-1\" \/>\n<link rel=\"canonical\" href=\"https:\/\/viaenglish.com\/en\/como-funciona\/\" \/>\n<meta property=\"og:locale\" content=\"en_US\" \/>\n<meta property=\"og:type\" content=\"article\" \/>\n<meta property=\"og:title\" content=\"Como Funciona\" \/>\n<meta property=\"og:description\" content=\"Como Funciona ViaEnglish.com \u00e9 uma escola de l\u00ednguas online para pessoas que precisam aprender ingl\u00eas ou espanhol com profissionais experientes, de forma r\u00e1pida, e que possuem pouco tempo para se locomover nas pequenas ou grandes cidades pelo mundo. Com a ViaEnglish.com o aluno faz aula em grupo ou individual, ou seja, aula com o professor [&hellip;]\" \/>\n<meta property=\"og:url\" content=\"https:\/\/viaenglish.com\/en\/como-funciona\/\" \/>\n<meta property=\"og:site_name\" content=\"ViaEnglish\" \/>\n<meta property=\"article:modified_time\" content=\"2024-08-22T04:49:22+00:00\" \/>\n<meta property=\"og:image\" content=\"https:\/\/viaenglish.com\/wp-content\/uploads\/2024\/06\/aspas-_1_.png\" \/>\n<meta name=\"twitter:card\" content=\"summary_large_image\" \/>\n<meta name=\"twitter:label1\" content=\"Est. reading time\" \/>\n\t<meta name=\"twitter:data1\" content=\"6 minutes\" \/>\n<script type=\"application\/ld+json\" class=\"yoast-schema-graph\">{\"@context\":\"https:\/\/schema.org\",\"@graph\":[{\"@type\":\"WebPage\",\"@id\":\"https:\/\/viaenglish.com\/como-funciona\/\",\"url\":\"https:\/\/viaenglish.com\/como-funciona\/\",\"name\":\"Como Funciona - ViaEnglish\",\"isPartOf\":{\"@id\":\"https:\/\/viaenglish.com\/#website\"},\"primaryImageOfPage\":{\"@id\":\"https:\/\/viaenglish.com\/como-funciona\/#primaryimage\"},\"image\":{\"@id\":\"https:\/\/viaenglish.com\/como-funciona\/#primaryimage\"},\"thumbnailUrl\":\"https:\/\/viaenglish.com\/wp-content\/uploads\/2024\/06\/aspas-_1_.png\",\"datePublished\":\"2024-06-22T20:40:15+00:00\",\"dateModified\":\"2024-08-22T04:49:22+00:00\",\"breadcrumb\":{\"@id\":\"https:\/\/viaenglish.com\/como-funciona\/#breadcrumb\"},\"inLanguage\":\"en-US\",\"potentialAction\":[{\"@type\":\"ReadAction\",\"target\":[\"https:\/\/viaenglish.com\/como-funciona\/\"]}]},{\"@type\":\"ImageObject\",\"inLanguage\":\"en-US\",\"@id\":\"https:\/\/viaenglish.com\/como-funciona\/#primaryimage\",\"url\":\"https:\/\/viaenglish.com\/wp-content\/uploads\/2024\/06\/aspas-_1_.png\",\"contentUrl\":\"https:\/\/viaenglish.com\/wp-content\/uploads\/2024\/06\/aspas-_1_.png\"},{\"@type\":\"BreadcrumbList\",\"@id\":\"https:\/\/viaenglish.com\/como-funciona\/#breadcrumb\",\"itemListElement\":[{\"@type\":\"ListItem\",\"position\":1,\"name\":\"Home\",\"item\":\"https:\/\/viaenglish.com\/\"},{\"@type\":\"ListItem\",\"position\":2,\"name\":\"Como Funciona\"}]},{\"@type\":\"WebSite\",\"@id\":\"https:\/\/viaenglish.com\/#website\",\"url\":\"https:\/\/viaenglish.com\/\",\"name\":\"ViaEnglish\",\"description\":\"\",\"potentialAction\":[{\"@type\":\"SearchAction\",\"target\":{\"@type\":\"EntryPoint\",\"urlTemplate\":\"https:\/\/viaenglish.com\/?s={search_term_string}\"},\"query-input\":\"required name=search_term_string\"}],\"inLanguage\":\"en-US\"}]}<\/script>\n<!-- \/ Yoast SEO Premium plugin. -->","yoast_head_json":{"title":"Como Funciona - ViaEnglish","robots":{"index":"index","follow":"follow","max-snippet":"max-snippet:-1","max-image-preview":"max-image-preview:large","max-video-preview":"max-video-preview:-1"},"canonical":"https:\/\/viaenglish.com\/en\/como-funciona\/","og_locale":"en_US","og_type":"article","og_title":"Como Funciona","og_description":"Como Funciona ViaEnglish.com \u00e9 uma escola de l\u00ednguas online para pessoas que precisam aprender ingl\u00eas ou espanhol com profissionais experientes, de forma r\u00e1pida, e que possuem pouco tempo para se locomover nas pequenas ou grandes cidades pelo mundo. Com a ViaEnglish.com o aluno faz aula em grupo ou individual, ou seja, aula com o professor [&hellip;]","og_url":"https:\/\/viaenglish.com\/en\/como-funciona\/","og_site_name":"ViaEnglish","article_modified_time":"2024-08-22T04:49:22+00:00","og_image":[{"url":"https:\/\/viaenglish.com\/wp-content\/uploads\/2024\/06\/aspas-_1_.png"}],"twitter_card":"summary_large_image","twitter_misc":{"Est. reading time":"6 minutes"},"schema":{"@context":"https:\/\/schema.org","@graph":[{"@type":"WebPage","@id":"https:\/\/viaenglish.com\/como-funciona\/","url":"https:\/\/viaenglish.com\/como-funciona\/","name":"Como Funciona - ViaEnglish","isPartOf":{"@id":"https:\/\/viaenglish.com\/#website"},"primaryImageOfPage":{"@id":"https:\/\/viaenglish.com\/como-funciona\/#primaryimage"},"image":{"@id":"https:\/\/viaenglish.com\/como-funciona\/#primaryimage"},"thumbnailUrl":"https:\/\/viaenglish.com\/wp-content\/uploads\/2024\/06\/aspas-_1_.png","datePublished":"2024-06-22T20:40:15+00:00","dateModified":"2024-08-22T04:49:22+00:00","breadcrumb":{"@id":"https:\/\/viaenglish.com\/como-funciona\/#breadcrumb"},"inLanguage":"en-US","potentialAction":[{"@type":"ReadAction","target":["https:\/\/viaenglish.com\/como-funciona\/"]}]},{"@type":"ImageObject","inLanguage":"en-US","@id":"https:\/\/viaenglish.com\/como-funciona\/#primaryimage","url":"https:\/\/viaenglish.com\/wp-content\/uploads\/2024\/06\/aspas-_1_.png","contentUrl":"https:\/\/viaenglish.com\/wp-content\/uploads\/2024\/06\/aspas-_1_.png"},{"@type":"BreadcrumbList","@id":"https:\/\/viaenglish.com\/como-funciona\/#breadcrumb","itemListElement":[{"@type":"ListItem","position":1,"name":"Home","item":"https:\/\/viaenglish.com\/"},{"@type":"ListItem","position":2,"name":"Como Funciona"}]},{"@type":"WebSite","@id":"https:\/\/viaenglish.com\/#website","url":"https:\/\/viaenglish.com\/","name":"ViaEnglish","description":"","potentialAction":[{"@type":"SearchAction","target":{"@type":"EntryPoint","urlTemplate":"https:\/\/viaenglish.com\/?s={search_term_string}"},"query-input":"required name=search_term_string"}],"inLanguage":"en-US"}]}},"_links":{"self":[{"href":"https:\/\/viaenglish.com\/en\/wp-json\/wp\/v2\/pages\/103","targetHints":{"allow":["GET"]}}],"collection":[{"href":"https:\/\/viaenglish.com\/en\/wp-json\/wp\/v2\/pages"}],"about":[{"href":"https:\/\/viaenglish.com\/en\/wp-json\/wp\/v2\/types\/page"}],"author":[{"embeddable":true,"href":"https:\/\/viaenglish.com\/en\/wp-json\/wp\/v2\/users\/2"}],"replies":[{"embeddable":true,"href":"https:\/\/viaenglish.com\/en\/wp-json\/wp\/v2\/comments?post=103"}],"version-history":[{"count":22,"href":"https:\/\/viaenglish.com\/en\/wp-json\/wp\/v2\/pages\/103\/revisions"}],"predecessor-version":[{"id":837,"href":"https:\/\/viaenglish.com\/en\/wp-json\/wp\/v2\/pages\/103\/revisions\/837"}],"wp:attachment":[{"href":"https:\/\/viaenglish.com\/en\/wp-json\/wp\/v2\/media?parent=103"}],"curies":[{"name":"wp","href":"https:\/\/api.w.org\/{rel}","templated":true}]}}